{"id":2800,"date":"2025-05-21T20:45:59","date_gmt":"2025-05-21T18:45:59","guid":{"rendered":"https:\/\/reginedatin.com\/?page_id=2800"},"modified":"2025-05-22T15:19:52","modified_gmt":"2025-05-22T13:19:52","slug":"test","status":"publish","type":"page","link":"https:\/\/reginedatin.com\/index.php\/mentions-legales\/test\/","title":{"rendered":"Mentions l\u00e9gales"},"content":{"rendered":"\t\t<div data-elementor-type=\"wp-page\" data-elementor-id=\"2800\" class=\"elementor elementor-2800\">\n\t\t\t\t<div class=\"elementor-element elementor-element-238bdc6 e-flex e-con-boxed e-con e-parent\" data-id=\"238bdc6\" data-element_type=\"container\" data-e-type=\"container\">\n\t\t\t\t\t<div class=\"e-con-inner\">\n\t\t\t\t<div class=\"elementor-element elementor-element-b14a5b7 elementor-widget-divider--view-line elementor-widget elementor-widget-divider\" data-id=\"b14a5b7\" data-element_type=\"widget\" data-e-type=\"widget\" data-widget_type=\"divider.default\">\n\t\t\t\t<div class=\"elementor-widget-container\">\n\t\t\t\t\t\t\t<div class=\"elementor-divider\">\n\t\t\t<span class=\"elementor-divider-separator\">\n\t\t\t\t\t\t<\/span>\n\t\t<\/div>\n\t\t\t\t\t\t<\/div>\n\t\t\t\t<\/div>\n\t\t\t\t<div class=\"elementor-element elementor-element-c49118c elementor-widget elementor-widget-text-editor\" data-id=\"c49118c\" data-element_type=\"widget\" data-e-type=\"widget\" data-widget_type=\"text-editor.default\">\n\t\t\t\t<div class=\"elementor-widget-container\">\n\t\t\t\t\t\t\t\t\t<p>MENTIONS L\u00c9GALES<br \/>D\u00e9nomination : R\u00e9gine Datin Photographie EI<br \/>Statut \u00a0: Auteur Photographe<br \/>Localisation : Laxou [54]<br \/>Siret 532 142 072 00018<br \/>Immatriculation le 02\/05\/2011<br \/>APE 9003A \u2013 Cr\u00e9ation artistique relevant des arts plastiques<br \/>TVA non applicable, article 293 B du CGI<br \/>Responsable de la publication : R\u00e9gine Datin<br \/>Le site http:\/\/www.reginedatin.com est h\u00e9berg\u00e9 sur OVH,\u00a02 rue Kellermann\u00a0BP 80157\u00a059100 Roubaix.<br \/>Les photos, les textes, le logo et la mise en page de ce site ainsi que du blog ne sont pas libres de droit.<br \/>Ils sont la propri\u00e9t\u00e9 exclusive de l\u2019auteur,\u00a0R\u00e9gine Datin.<br \/>Toute diffusion, reproduction ou modification ne peut se faire sans l\u2019accord pr\u00e9alable de l\u2019auteur.<br \/>Toute exploitation non autoris\u00e9e du site ou de l\u2019un quelconque des \u00e9l\u00e9ments qu\u2019il contient sera consid\u00e9r\u00e9e comme constitutive d\u2019une contrefa\u00e7on et poursuivie conform\u00e9ment aux dispositions des articles L.335-2 et suivants du Code de Propri\u00e9t\u00e9 Intellectuelle.<\/p>\t\t\t\t\t\t\t\t<\/div>\n\t\t\t\t<\/div>\n\t\t\t\t\t<\/div>\n\t\t\t\t<\/div>\n\t\t\t\t<\/div>\n\t\t","protected":false},"excerpt":{"rendered":"<p>MENTIONS L\u00c9GALES D\u00e9nomination : R\u00e9gine Datin Photographie EI Statut \u00a0: Auteur Photographe Localisation : Laxou [54] Siret 532 142 072 00018 Immatriculation le 02\/05\/2011 APE 9003A \u2013 Cr\u00e9ation artistique relevant des arts plastiques TVA non applicable, article 293 B du CGI Responsable de la publication : R\u00e9gine Datin Le site http:\/\/www.reginedatin.com est h\u00e9berg\u00e9 sur OVH,\u00a02 rue Kellermann\u00a0BP 80157\u00a059100 Roubaix. Les photos, les textes, le logo et la mise en page de ce site ainsi que du blog ne sont pas [&hellip;]<\/p>\n","protected":false},"author":2,"featured_media":0,"parent":714,"menu_order":0,"comment_status":"closed","ping_status":"closed","template":"template-fullpage.php","meta":{"footnotes":""},"class_list":["post-2800","page","type-page","status-publish","hentry"],"yoast_head":"<!-- This site is optimized with the Yoast SEO plugin v27.4 - https:\/\/yoast.com\/product\/yoast-seo-wordpress\/ -->\n<title>Mentions l\u00e9gales &#171; R\u00e9gine Datin Photographie<\/title>\n<meta name=\"robots\" content=\"index, follow, max-snippet:-1, max-image-preview:large, max-video-preview:-1\" \/>\n<link rel=\"canonical\" href=\"https:\/\/reginedatin.com\/index.php\/mentions-legales\/test\/\" \/>\n<meta property=\"og:locale\" content=\"fr_FR\" \/>\n<meta property=\"og:type\" content=\"article\" \/>\n<meta property=\"og:title\" content=\"Mentions l\u00e9gales &#171; R\u00e9gine Datin Photographie\" \/>\n<meta property=\"og:description\" content=\"MENTIONS L\u00c9GALES D\u00e9nomination : R\u00e9gine Datin Photographie EI Statut \u00a0: Auteur Photographe Localisation : Laxou [54] Siret 532 142 072 00018 Immatriculation le 02\/05\/2011 APE 9003A \u2013 Cr\u00e9ation artistique relevant des arts plastiques TVA non applicable, article 293 B du CGI Responsable de la publication : R\u00e9gine Datin Le site http:\/\/www.reginedatin.com est h\u00e9berg\u00e9 sur OVH,\u00a02 rue Kellermann\u00a0BP 80157\u00a059100 Roubaix. Les photos, les textes, le logo et la mise en page de ce site ainsi que du blog ne sont pas [&hellip;]\" \/>\n<meta property=\"og:url\" content=\"https:\/\/reginedatin.com\/index.php\/mentions-legales\/test\/\" \/>\n<meta property=\"og:site_name\" content=\"R\u00e9gine Datin Photographie\" \/>\n<meta property=\"article:publisher\" content=\"https:\/\/www.facebook.com\/reginedatinphotographie\/\" \/>\n<meta property=\"article:modified_time\" content=\"2025-05-22T13:19:52+00:00\" \/>\n<meta name=\"twitter:card\" content=\"summary_large_image\" \/>\n<meta name=\"twitter:label1\" content=\"Dur\u00e9e de lecture estim\u00e9e\" \/>\n\t<meta name=\"twitter:data1\" content=\"1 minute\" \/>\n<script type=\"application\/ld+json\" class=\"yoast-schema-graph\">{\"@context\":\"https:\\\/\\\/schema.org\",\"@graph\":[{\"@type\":\"WebPage\",\"@id\":\"https:\\\/\\\/reginedatin.com\\\/index.php\\\/mentions-legales\\\/test\\\/\",\"url\":\"https:\\\/\\\/reginedatin.com\\\/index.php\\\/mentions-legales\\\/test\\\/\",\"name\":\"Mentions l\u00e9gales &#171; R\u00e9gine Datin Photographie\",\"isPartOf\":{\"@id\":\"https:\\\/\\\/reginedatin.com\\\/#website\"},\"datePublished\":\"2025-05-21T18:45:59+00:00\",\"dateModified\":\"2025-05-22T13:19:52+00:00\",\"breadcrumb\":{\"@id\":\"https:\\\/\\\/reginedatin.com\\\/index.php\\\/mentions-legales\\\/test\\\/#breadcrumb\"},\"inLanguage\":\"fr-FR\",\"potentialAction\":[{\"@type\":\"ReadAction\",\"target\":[\"https:\\\/\\\/reginedatin.com\\\/index.php\\\/mentions-legales\\\/test\\\/\"]}]},{\"@type\":\"BreadcrumbList\",\"@id\":\"https:\\\/\\\/reginedatin.com\\\/index.php\\\/mentions-legales\\\/test\\\/#breadcrumb\",\"itemListElement\":[{\"@type\":\"ListItem\",\"position\":1,\"name\":\"Accueil\",\"item\":\"https:\\\/\\\/reginedatin.com\\\/\"},{\"@type\":\"ListItem\",\"position\":2,\"name\":\"Mentions l\u00e9gales\",\"item\":\"https:\\\/\\\/reginedatin.com\\\/index.php\\\/mentions-legales\\\/\"},{\"@type\":\"ListItem\",\"position\":3,\"name\":\"Mentions l\u00e9gales\"}]},{\"@type\":\"WebSite\",\"@id\":\"https:\\\/\\\/reginedatin.com\\\/#website\",\"url\":\"https:\\\/\\\/reginedatin.com\\\/\",\"name\":\"R\u00e9gine Datin Photographie\",\"description\":\"Empreinte d&#039;une heure, d&#039;un jour...\",\"potentialAction\":[{\"@type\":\"SearchAction\",\"target\":{\"@type\":\"EntryPoint\",\"urlTemplate\":\"https:\\\/\\\/reginedatin.com\\\/?s={search_term_string}\"},\"query-input\":{\"@type\":\"PropertyValueSpecification\",\"valueRequired\":true,\"valueName\":\"search_term_string\"}}],\"inLanguage\":\"fr-FR\"}]}<\/script>\n<!-- \/ Yoast SEO plugin. -->","yoast_head_json":{"title":"Mentions l\u00e9gales &#171; R\u00e9gine Datin Photographie","robots":{"index":"index","follow":"follow","max-snippet":"max-snippet:-1","max-image-preview":"max-image-preview:large","max-video-preview":"max-video-preview:-1"},"canonical":"https:\/\/reginedatin.com\/index.php\/mentions-legales\/test\/","og_locale":"fr_FR","og_type":"article","og_title":"Mentions l\u00e9gales &#171; R\u00e9gine Datin Photographie","og_description":"MENTIONS L\u00c9GALES D\u00e9nomination : R\u00e9gine Datin Photographie EI Statut \u00a0: Auteur Photographe Localisation : Laxou [54] Siret 532 142 072 00018 Immatriculation le 02\/05\/2011 APE 9003A \u2013 Cr\u00e9ation artistique relevant des arts plastiques TVA non applicable, article 293 B du CGI Responsable de la publication : R\u00e9gine Datin Le site http:\/\/www.reginedatin.com est h\u00e9berg\u00e9 sur OVH,\u00a02 rue Kellermann\u00a0BP 80157\u00a059100 Roubaix. Les photos, les textes, le logo et la mise en page de ce site ainsi que du blog ne sont pas [&hellip;]","og_url":"https:\/\/reginedatin.com\/index.php\/mentions-legales\/test\/","og_site_name":"R\u00e9gine Datin Photographie","article_publisher":"https:\/\/www.facebook.com\/reginedatinphotographie\/","article_modified_time":"2025-05-22T13:19:52+00:00","twitter_card":"summary_large_image","twitter_misc":{"Dur\u00e9e de lecture estim\u00e9e":"1 minute"},"schema":{"@context":"https:\/\/schema.org","@graph":[{"@type":"WebPage","@id":"https:\/\/reginedatin.com\/index.php\/mentions-legales\/test\/","url":"https:\/\/reginedatin.com\/index.php\/mentions-legales\/test\/","name":"Mentions l\u00e9gales &#171; R\u00e9gine Datin Photographie","isPartOf":{"@id":"https:\/\/reginedatin.com\/#website"},"datePublished":"2025-05-21T18:45:59+00:00","dateModified":"2025-05-22T13:19:52+00:00","breadcrumb":{"@id":"https:\/\/reginedatin.com\/index.php\/mentions-legales\/test\/#breadcrumb"},"inLanguage":"fr-FR","potentialAction":[{"@type":"ReadAction","target":["https:\/\/reginedatin.com\/index.php\/mentions-legales\/test\/"]}]},{"@type":"BreadcrumbList","@id":"https:\/\/reginedatin.com\/index.php\/mentions-legales\/test\/#breadcrumb","itemListElement":[{"@type":"ListItem","position":1,"name":"Accueil","item":"https:\/\/reginedatin.com\/"},{"@type":"ListItem","position":2,"name":"Mentions l\u00e9gales","item":"https:\/\/reginedatin.com\/index.php\/mentions-legales\/"},{"@type":"ListItem","position":3,"name":"Mentions l\u00e9gales"}]},{"@type":"WebSite","@id":"https:\/\/reginedatin.com\/#website","url":"https:\/\/reginedatin.com\/","name":"R\u00e9gine Datin Photographie","description":"Empreinte d&#039;une heure, d&#039;un jour...","potentialAction":[{"@type":"SearchAction","target":{"@type":"EntryPoint","urlTemplate":"https:\/\/reginedatin.com\/?s={search_term_string}"},"query-input":{"@type":"PropertyValueSpecification","valueRequired":true,"valueName":"search_term_string"}}],"inLanguage":"fr-FR"}]}},"_links":{"self":[{"href":"https:\/\/reginedatin.com\/index.php\/wp-json\/wp\/v2\/pages\/2800","targetHints":{"allow":["GET"]}}],"collection":[{"href":"https:\/\/reginedatin.com\/index.php\/wp-json\/wp\/v2\/pages"}],"about":[{"href":"https:\/\/reginedatin.com\/index.php\/wp-json\/wp\/v2\/types\/page"}],"author":[{"embeddable":true,"href":"https:\/\/reginedatin.com\/index.php\/wp-json\/wp\/v2\/users\/2"}],"replies":[{"embeddable":true,"href":"https:\/\/reginedatin.com\/index.php\/wp-json\/wp\/v2\/comments?post=2800"}],"version-history":[{"count":17,"href":"https:\/\/reginedatin.com\/index.php\/wp-json\/wp\/v2\/pages\/2800\/revisions"}],"predecessor-version":[{"id":2850,"href":"https:\/\/reginedatin.com\/index.php\/wp-json\/wp\/v2\/pages\/2800\/revisions\/2850"}],"up":[{"embeddable":true,"href":"https:\/\/reginedatin.com\/index.php\/wp-json\/wp\/v2\/pages\/714"}],"wp:attachment":[{"href":"https:\/\/reginedatin.com\/index.php\/wp-json\/wp\/v2\/media?parent=2800"}],"curies":[{"name":"wp","href":"https:\/\/api.w.org\/{rel}","templated":true}]}}